{"id":22,"date":"2020-09-06T21:54:18","date_gmt":"2020-09-06T19:54:18","guid":{"rendered":"http:\/\/www.restaurant-ecoelle.fr\/?page_id=22"},"modified":"2025-12-17T11:49:54","modified_gmt":"2025-12-17T10:49:54","slug":"accueil","status":"publish","type":"page","link":"https:\/\/www.restaurant-ecoelle.fr\/index.php\/accueil\/","title":{"rendered":"Pr\u00e9sentation"},"content":{"rendered":"<h3 style=\"text-align: left;\"><span style=\"color: #003300;\">Notre team Cuisine vous accueille \u00e9t\u00e9 comme hiver, dans une ambiance lounge, cosy et\u00a0 chaleureuse, avec des plats faits maison !<\/span><\/h3>\n<p><img loading=\"lazy\" decoding=\"async\" class=\"alignright wp-image-2494\" src=\"https:\/\/www.restaurant-ecoelle.fr\/wp-content\/uploads\/2025\/07\/terasse-flammes.jpg\" alt=\"\" width=\"310\" height=\"233\" \/><\/p>\n<p>La montagne est toujours une r\u00e9elle alternative pour des vacances r\u00e9ussies&#8230;<\/p>\n<p>Notre restaurant se tourne, chaque saison, un peu plus, vers une cuisine faite maison, en privil\u00e9giant les produits frais et des plats m\u00ealant originalit\u00e9, terroir et saveurs. L&rsquo;Ecoelle est un restaurant familial o\u00f9 l&rsquo;objectif est de vous faire profiter au maximum de votre temps de repas!<\/p>\n<p style=\"text-align: left;\"><span style=\"color: #003300;\"><strong>Un petit avant go\u00fbt&#8230;<\/strong><\/span><\/p>\n<ul>\n<li>Des charcuteries originales de producteurs locaux: saucisson beaufort, jambon truff\u00e9.<\/li>\n<li>Des viandes de qualit\u00e9, s\u00e9lectionn\u00e9es par le boucher du chef.<\/li>\n<li>Des plats et sp\u00e9cialit\u00e9s savoyardes <img loading=\"lazy\" decoding=\"async\" class=\"size-full wp-image-2244 alignnone\" src=\"https:\/\/www.restaurant-ecoelle.fr\/wp-content\/uploads\/2023\/12\/savoie-drapeau.gif\" alt=\"\" width=\"15\" height=\"11\" \/><\/li>\n<li>Un large choix de cocktails.<\/li>\n<li>Des desserts Maison reprenant les classiques de notre enfance&#8230;<\/li>\n<\/ul>\n<p style=\"text-align: left;\">Venez profiter tranquillement d&rsquo;un bon moment gr\u00e2ce \u00e0 notre \u00e9quipe professionnelle, toujours soucieuse de vous proposer un service alliant d\u00e9tente, convivialit\u00e9 et bonne humeur, tout en vous proposant \u00e9videmment de bonnes assiettes!<\/p>\n<p><span style=\"color: #003300;\"><strong>Une histoire de pizzas&#8230;<\/strong><\/span><\/p>\n<ul>\n<li style=\"text-align: left;\">Une pate faite maison avec un temps de pousse de 72h (le stock est donc limit\u00e9 et ne permet pas de r\u00e9pondre aux gros services&#8230; <img loading=\"lazy\" decoding=\"async\" class=\"wp-image-1467 alignnone\" src=\"https:\/\/www.restaurant-ecoelle.fr\/wp-content\/uploads\/2021\/02\/panneau-de-dange.jpg\" alt=\"\" width=\"20\" height=\"18\" \/>\u00a0Pas de pizzas le samedi midi et limitation de l&#8217;emport\u00e9).<\/li>\n<li style=\"text-align: left;\">Une cuisson au feu de bois qui apporte craquant et moelleux et qui n\u00e9cessite du temps. La capacit\u00e9 du four est limit\u00e9e en volume et en temp\u00e9rature. \u00c0 l&rsquo;Ecoelle nous cherchons la qualit\u00e9 et non la une pizza \u00ab\u00a0vite fait\u00a0\u00bb.<\/li>\n<\/ul>\n<p><span style=\"color: #000000;\"><img loading=\"lazy\" decoding=\"async\" class=\"wp-image-1467 alignnone\" src=\"https:\/\/www.restaurant-ecoelle.fr\/wp-content\/uploads\/2021\/02\/panneau-de-dange.jpg\" alt=\"\" width=\"20\" height=\"18\" \/> <strong>Le restaurant \u00e9tant souvent <\/strong><strong>complet, nous vous conseillons de r\u00e9server votre table \u00e0 l&rsquo;avance. <\/strong><strong>Alors, \u00e0 vos<\/strong><strong>r\u00e9servations! &#8230;Nous esp\u00e9rons retrouver au plus vite nos habitu\u00e9s et aussi les moins habitu\u00e9s!<\/strong><\/span><\/p>\n","protected":false},"excerpt":{"rendered":"<p>Notre team Cuisine vous accueille \u00e9t\u00e9 comme hiver, dans une ambiance lounge, cosy et\u00a0 chaleureuse, avec des plats faits maison ! La montagne est toujours une r\u00e9elle alternative pour des vacances r\u00e9ussies&#8230; Notre restaurant se tourne, chaque saison, un peu plus, vers une cuisine faite maison, en privil\u00e9giant les produits frais et des plats m\u00ealant<\/p>\n<div class=\"\" ><a class=\"custom-btn book-sm\" href=\"https:\/\/www.restaurant-ecoelle.fr\/index.php\/accueil\/\"><i class=\"fa fa-chevron-circle-right\"><\/i>Read More<\/a><\/div>\n","protected":false},"author":1,"featured_media":2727,"parent":0,"menu_order":0,"comment_status":"closed","ping_status":"closed","template":"","meta":{"footnotes":""},"class_list":["post-22","page","type-page","status-publish","has-post-thumbnail","hentry"],"_links":{"self":[{"href":"https:\/\/www.restaurant-ecoelle.fr\/index.php\/wp-json\/wp\/v2\/pages\/22","targetHints":{"allow":["GET"]}}],"collection":[{"href":"https:\/\/www.restaurant-ecoelle.fr\/index.php\/wp-json\/wp\/v2\/pages"}],"about":[{"href":"https:\/\/www.restaurant-ecoelle.fr\/index.php\/wp-json\/wp\/v2\/types\/page"}],"author":[{"embeddable":true,"href":"https:\/\/www.restaurant-ecoelle.fr\/index.php\/wp-json\/wp\/v2\/users\/1"}],"replies":[{"embeddable":true,"href":"https:\/\/www.restaurant-ecoelle.fr\/index.php\/wp-json\/wp\/v2\/comments?post=22"}],"version-history":[{"count":164,"href":"https:\/\/www.restaurant-ecoelle.fr\/index.php\/wp-json\/wp\/v2\/pages\/22\/revisions"}],"predecessor-version":[{"id":2617,"href":"https:\/\/www.restaurant-ecoelle.fr\/index.php\/wp-json\/wp\/v2\/pages\/22\/revisions\/2617"}],"wp:featuredmedia":[{"embeddable":true,"href":"https:\/\/www.restaurant-ecoelle.fr\/index.php\/wp-json\/wp\/v2\/media\/2727"}],"wp:attachment":[{"href":"https:\/\/www.restaurant-ecoelle.fr\/index.php\/wp-json\/wp\/v2\/media?parent=22"}],"curies":[{"name":"wp","href":"https:\/\/api.w.org\/{rel}","templated":true}]}}